{"id":767,"date":"2023-07-07T21:42:17","date_gmt":"2023-07-07T19:42:17","guid":{"rendered":"https:\/\/kumikomatchabyidh.ch\/boutique\/senza-categoria\/ultimo\/"},"modified":"2023-07-25T14:23:38","modified_gmt":"2023-07-25T12:23:38","slug":"ultime","status":"publish","type":"product","link":"https:\/\/kumikomatchabyidh.ch\/it\/boutique\/le-scoperte\/ultime\/","title":{"rendered":"Ultimo"},"content":{"rendered":"<h4>Il set definitivo per sperimentare il nostro eccezionale matcha!<\/h4>\n<p>Ha tutto ci\u00f2 che serve:<\/p>\n<ul>\n<li>un bollitore digitale per mantenere l&#8217;acqua a una temperatura costante di 70\u00baC<\/li>\n<li>una ciotola unica (chawan) realizzata da un artigiano in Giappone (Shigaraki) per preparare il matcha<\/li>\n<li>un cucchiaio di bamb\u00f9 (saji) fatto a mano (da Hirata-san) dal Giappone per misurare la polvere di matcha (circa 1-2 g)<\/li>\n<li>un frullino di bamb\u00f9 nero (chasen) fatto a mano (da Hirata-san) per mescolare e schiumare il matcha<\/li>\n<li>un supporto (naoshi) per mantenere la frusta in buone condizioni<\/li>\n<li>un barattolo da 30 g di Organic Hyper-Premium Matcha, <strong>IL matcha eccezionale<\/strong><\/li>\n<\/ul>\n<h4>Il tuo primo matcha:<\/h4>\n<ol>\n<li>Metti una piccola quantit\u00e0 di acqua temperata nel Chawan.<\/li>\n<li>Aggiungi il matcha usando il Saji (una o due immersioni nel barattolo o nella bustina).<\/li>\n<li>Sbatti con il Chasen fino a quando l&#8217;acqua non sar\u00e0 omogenea (per sciogliere gli amidi).<\/li>\n<li>Porta l&#8217;acqua a una temperatura del 70\u00b0 e inseriscila nel Chawan.<\/li>\n<li>Frulla il Matcha con un movimento a W per renderlo spumoso<\/li>\n<li>Schiaccia le bolle facendo dei cerchi contro il Chawan<\/li>\n<li>Ripeti i passaggi 5 e 6 finch\u00e9 non ottieni la schiuma che preferisci.<\/li>\n<li>GUSTA!!!<\/li>\n<\/ol>\n<p><strong>Per i puristi<\/strong>: usa acqua distillata o ad osmosi inversa (almeno sai cosa stai bevendo&#8230;)<\/p>\n<p><strong>Per i giocatori<\/strong>: aggiungi pi\u00f9 matcha o meno, aggiungi pi\u00f9 acqua o meno! \u00c8 il tuo momento di creare il matcha che fa per te.<\/p>\n","protected":false},"excerpt":{"rendered":"<p>Il set definitivo per sperimentare il nostro eccezionale matcha! Ha tutto ci\u00f2 che serve: un bollitore digitale per mantenere l&#8217;acqua a una temperatura costante di 70\u00baC una ciotola unica (chawan) realizzata da un artigiano in Giappone (Shigaraki) per preparare il matcha un cucchiaio di bamb\u00f9 (saji) fatto a mano (da Hirata-san) dal Giappone per misurare [&hellip;]<\/p>\n","protected":false},"featured_media":740,"template":"","meta":{"_acf_changed":false},"product_brand":[],"product_cat":[68],"product_tag":[],"class_list":{"0":"post-767","1":"product","2":"type-product","3":"status-publish","4":"has-post-thumbnail","6":"product_cat-le-scoperte","8":"first","9":"instock","10":"sale","11":"shipping-taxable","12":"purchasable","13":"product-type-simple"},"acf":[],"_links":{"self":[{"href":"https:\/\/kumikomatchabyidh.ch\/it\/wp-json\/wp\/v2\/product\/767","targetHints":{"allow":["GET"]}}],"collection":[{"href":"https:\/\/kumikomatchabyidh.ch\/it\/wp-json\/wp\/v2\/product"}],"about":[{"href":"https:\/\/kumikomatchabyidh.ch\/it\/wp-json\/wp\/v2\/types\/product"}],"wp:featuredmedia":[{"embeddable":true,"href":"https:\/\/kumikomatchabyidh.ch\/it\/wp-json\/wp\/v2\/media\/740"}],"wp:attachment":[{"href":"https:\/\/kumikomatchabyidh.ch\/it\/wp-json\/wp\/v2\/media?parent=767"}],"wp:term":[{"taxonomy":"product_brand","embeddable":true,"href":"https:\/\/kumikomatchabyidh.ch\/it\/wp-json\/wp\/v2\/product_brand?post=767"},{"taxonomy":"product_cat","embeddable":true,"href":"https:\/\/kumikomatchabyidh.ch\/it\/wp-json\/wp\/v2\/product_cat?post=767"},{"taxonomy":"product_tag","embeddable":true,"href":"https:\/\/kumikomatchabyidh.ch\/it\/wp-json\/wp\/v2\/product_tag?post=767"}],"curies":[{"name":"wp","href":"https:\/\/api.w.org\/{rel}","templated":true}]}}