{"id":820,"date":"2023-08-13T13:43:21","date_gmt":"2023-08-13T11:43:21","guid":{"rendered":"https:\/\/kumikomatchabyidh.ch\/?post_type=product&#038;p=820"},"modified":"2023-08-13T14:05:46","modified_gmt":"2023-08-13T12:05:46","slug":"shigaraki","status":"publish","type":"product","link":"https:\/\/kumikomatchabyidh.ch\/it\/boutique\/accessori\/shigaraki\/","title":{"rendered":"Chawan con beccuccio di versamento dell&#8217;artigiano Shigaraki"},"content":{"rendered":"<p>Una ciotola eccezionale con una texture incredibile e un pratico beccuccio per versare, realizzata a mano con l&#8217;argilla locale di Shigaraki in Giappone da Hozan-san, un artigiano ceramista di terza generazione.<\/p>\n<p>Serie #1 prodotta nel 2023 e limitata a 10 pezzi.<\/p>\n<p>La texture esterna \u00e8 ruvida e grezza nella mano, ma sofisticata con riflessi molto interessanti.<\/p>\n<p>L&#8217;interno \u00e8 di un bianco madreperlato, perfetto per osservare il verde del t\u00e8 matcha.<\/p>\n<p>Il suo beccuccio ti permette di versare con precisione e senza sporcare. \u00c8 perfetto per preparare diversi t\u00e8 matcha per la tua famiglia o per i tuoi ospiti. La ciotola consente di preparare facilmente il matcha latte e di trasferire il matcha in un altro contenitore.<\/p>\n<p>Il nostro dettaglio preferito \u00e8 il motivo a onde sul bordo della ciotola: si pu\u00f2 notare il lavoro manuale del vasaio Hozan-san, \u00e8 organico e bellissimo.<\/p>\n","protected":false},"excerpt":{"rendered":"<p>Una ciotola eccezionale con una texture incredibile e un pratico beccuccio per versare, realizzata a mano con l&#8217;argilla locale di Shigaraki in Giappone da Hozan-san, un artigiano ceramista di terza generazione.<\/p>\n","protected":false},"featured_media":824,"template":"","meta":{"_acf_changed":false},"product_brand":[],"product_cat":[57],"product_tag":[],"class_list":{"0":"post-820","1":"product","2":"type-product","3":"status-publish","4":"has-post-thumbnail","6":"product_cat-accessori","8":"first","9":"instock","10":"shipping-taxable","11":"purchasable","12":"product-type-simple"},"acf":[],"_links":{"self":[{"href":"https:\/\/kumikomatchabyidh.ch\/it\/wp-json\/wp\/v2\/product\/820","targetHints":{"allow":["GET"]}}],"collection":[{"href":"https:\/\/kumikomatchabyidh.ch\/it\/wp-json\/wp\/v2\/product"}],"about":[{"href":"https:\/\/kumikomatchabyidh.ch\/it\/wp-json\/wp\/v2\/types\/product"}],"wp:featuredmedia":[{"embeddable":true,"href":"https:\/\/kumikomatchabyidh.ch\/it\/wp-json\/wp\/v2\/media\/824"}],"wp:attachment":[{"href":"https:\/\/kumikomatchabyidh.ch\/it\/wp-json\/wp\/v2\/media?parent=820"}],"wp:term":[{"taxonomy":"product_brand","embeddable":true,"href":"https:\/\/kumikomatchabyidh.ch\/it\/wp-json\/wp\/v2\/product_brand?post=820"},{"taxonomy":"product_cat","embeddable":true,"href":"https:\/\/kumikomatchabyidh.ch\/it\/wp-json\/wp\/v2\/product_cat?post=820"},{"taxonomy":"product_tag","embeddable":true,"href":"https:\/\/kumikomatchabyidh.ch\/it\/wp-json\/wp\/v2\/product_tag?post=820"}],"curies":[{"name":"wp","href":"https:\/\/api.w.org\/{rel}","templated":true}]}}